{"id":1259,"date":"2021-06-23T14:18:31","date_gmt":"2021-06-23T12:18:31","guid":{"rendered":"https:\/\/www.paris-hotel-berne-opera.com\/legal-notice\/"},"modified":"2023-07-11T13:18:38","modified_gmt":"2023-07-11T11:18:38","slug":"legal-notice","status":"publish","type":"page","link":"https:\/\/www.paris-hotel-berne-opera.com\/en\/legal-notice\/","title":{"rendered":"Legal Notice"},"content":{"rendered":"\t\t<div data-elementor-type=\"wp-page\" data-elementor-id=\"1259\" class=\"elementor elementor-1259 elementor-1248\">\n\t\t\t\t\t\t<section class=\"elementor-section elementor-top-section elementor-element elementor-element-ae08d13 elementor-section-boxed elementor-section-height-default elementor-section-height-default wpr-particle-no wpr-jarallax-no wpr-parallax-no wpr-sticky-section-no wpr-equal-height-no\" data-id=\"ae08d13\" data-element_type=\"section\" data-e-type=\"section\">\n\t\t\t\t\t\t<div class=\"elementor-container elementor-column-gap-default\">\n\t\t\t\t\t<div class=\"elementor-column elementor-col-100 elementor-top-column elementor-element elementor-element-3fbbdcd\" data-id=\"3fbbdcd\" data-element_type=\"column\" data-e-type=\"column\">\n\t\t\t<div class=\"elementor-widget-wrap elementor-element-populated\">\n\t\t\t\t\t\t<div class=\"elementor-element elementor-element-5367038 elementor-widget elementor-widget-heading\" data-id=\"5367038\" data-element_type=\"widget\" data-e-type=\"widget\" data-widget_type=\"heading.default\">\n\t\t\t\t<div class=\"elementor-widget-container\">\n\t\t\t\t\t<h2 class=\"elementor-heading-title elementor-size-default\">Legal Notice<br>Hotel Berne Opera<\/h2>\t\t\t\t<\/div>\n\t\t\t\t<\/div>\n\t\t\t\t\t<\/div>\n\t\t<\/div>\n\t\t\t\t\t<\/div>\n\t\t<\/section>\n\t\t\t\t<section class=\"elementor-section elementor-top-section elementor-element elementor-element-2ee487a elementor-section-boxed elementor-section-height-default elementor-section-height-default wpr-particle-no wpr-jarallax-no wpr-parallax-no wpr-sticky-section-no wpr-equal-height-no\" data-id=\"2ee487a\" data-element_type=\"section\" data-e-type=\"section\">\n\t\t\t\t\t\t<div class=\"elementor-container elementor-column-gap-default\">\n\t\t\t\t\t<div class=\"elementor-column elementor-col-100 elementor-top-column elementor-element elementor-element-c3acc98\" data-id=\"c3acc98\" data-element_type=\"column\" data-e-type=\"column\">\n\t\t\t<div class=\"elementor-widget-wrap elementor-element-populated\">\n\t\t\t\t\t\t<div class=\"elementor-element elementor-element-f31df43 elementor-widget elementor-widget-heading\" data-id=\"f31df43\" data-element_type=\"widget\" data-e-type=\"widget\" data-widget_type=\"heading.default\">\n\t\t\t\t<div class=\"elementor-widget-container\">\n\t\t\t\t\t<h2 class=\"elementor-heading-title elementor-size-xl\">EDITOR<\/h2>\t\t\t\t<\/div>\n\t\t\t\t<\/div>\n\t\t\t\t<div class=\"elementor-element elementor-element-99f4a36 elementor-widget elementor-widget-text-editor\" data-id=\"99f4a36\" data-element_type=\"widget\" data-e-type=\"widget\" data-widget_type=\"text-editor.default\">\n\t\t\t\t<div class=\"elementor-widget-container\">\n\t\t\t\t\t\t\t\t\t<p data-cms-69456603fc3d56e01f=\"\">Si\u00e8ge social : H\u00f4tel Berne Op\u00e9ra<br \/>\nAdresse :37 rue de Berne &#8211; 75009\u00a0 Paris \u2013 France<br \/>\nT\u00e9l : +33 (0)1 43 87 08 92<br \/>\nCourriel : reservation@hboparis.com<\/p>\n<p data-cms-69728603fc3d56e069=\"\">BERNE SAINT LAZARE (HOTEL DE BERNE)<br \/>\nau capital de 38125\u20ac<br \/>\nRCS 582099644 \u2013 TVA FR87582099644<\/p>\n\t\t\t\t\t\t\t\t<\/div>\n\t\t\t\t<\/div>\n\t\t\t\t\t<\/div>\n\t\t<\/div>\n\t\t\t\t\t<\/div>\n\t\t<\/section>\n\t\t\t\t<section class=\"elementor-section elementor-top-section elementor-element elementor-element-422f1e1 elementor-section-boxed elementor-section-height-default elementor-section-height-default wpr-particle-no wpr-jarallax-no wpr-parallax-no wpr-sticky-section-no wpr-equal-height-no\" data-id=\"422f1e1\" data-element_type=\"section\" data-e-type=\"section\">\n\t\t\t\t\t\t<div class=\"elementor-container elementor-column-gap-default\">\n\t\t\t\t\t<div class=\"elementor-column elementor-col-100 elementor-top-column elementor-element elementor-element-e9aca8c\" data-id=\"e9aca8c\" data-element_type=\"column\" data-e-type=\"column\">\n\t\t\t<div class=\"elementor-widget-wrap elementor-element-populated\">\n\t\t\t\t\t\t<div class=\"elementor-element elementor-element-aefea60 elementor-widget elementor-widget-heading\" data-id=\"aefea60\" data-element_type=\"widget\" data-e-type=\"widget\" data-widget_type=\"heading.default\">\n\t\t\t\t<div class=\"elementor-widget-container\">\n\t\t\t\t\t<h2 class=\"elementor-heading-title elementor-size-xl\">HOSTING<\/h2>\t\t\t\t<\/div>\n\t\t\t\t<\/div>\n\t\t\t\t<div class=\"elementor-element elementor-element-656efa4 elementor-widget elementor-widget-text-editor\" data-id=\"656efa4\" data-element_type=\"widget\" data-e-type=\"widget\" data-widget_type=\"text-editor.default\">\n\t\t\t\t<div class=\"elementor-widget-container\">\n\t\t\t\t\t\t\t\t\t<div class=\"elementor-element elementor-element-6af62b1 elementor-widget elementor-widget-text-editor\" data-id=\"6af62b1\" data-element_type=\"widget\" data-widget_type=\"text-editor.default\">\n<div class=\"elementor-widget-container\">\n<p>OVH \u2013 Soci\u00e9t\u00e9 \u00e0 Responsabilit\u00e9 Limit\u00e9e (SARL)<br \/>\nSIRET : 424 761 419 00011<br \/>\nAdresse :\u00a0 2 rue Kellermann \u2013 59100 Roubaix \u2013 France.<br \/>\nConceptions du site :\u00a0<a href=\"https:\/\/www.sitea.fr\/\" target=\"_blank\" rel=\"noopener\">sitea.fr<\/a><\/p>\n<\/div>\n<\/div>\n<div class=\"elementor-element elementor-element-84df134 elementor-widget elementor-widget-text-editor\" data-id=\"84df134\" data-element_type=\"widget\" data-widget_type=\"text-editor.default\">\n<div class=\"elementor-widget-container\">\n<p>The site presents:<\/p>\n<p>Informative content<\/p>\n<p>Data Protection Act:<\/p>\n<p>The site is exempt from declaration to the Commission Nationale Informatique et Libert\u00e9s (CNIL) insofar as it does not collect any data concerning users.<\/p>\n<p>Ownership: The site and the information it contains are protected by French intellectual property law and by international conventions.<\/p>\n<p>Any use, reproduction, distribution, marketing, modification of all or part of the paris-hotel-des-nations-st-germain.com site without the permission of the Publisher is prohibited and may result in actions and legal proceedings as provided in particular. by the Intellectual Property Code and the Civil Code.<\/p>\n<p>The User is informed that during his visits to the site, a cookie may be automatically installed on his browser software.<\/p>\n<p>A cookie is an element that does not identify the User but is used to record information relating to the user&#8217;s navigation on the website. The User may deactivate this cookie through the parameters appearing in his browser software.<\/p>\n<p>More information on the cookie page: <a href=\"https:\/\/www.paris-hotel-berne-opera.com\/en\/cookies-policy\/\">Cookie policies<\/a><\/p>\n<\/div>\n<\/div>\n<div class=\"elementor-element elementor-element-12653ff elementor-widget elementor-widget-text-editor\" data-id=\"12653ff\" data-element_type=\"widget\" data-widget_type=\"text-editor.default\">\n<div class=\"elementor-widget-container\">\n<p>After contacting Customer Service and failing a satisfactory response within 60 days, In accordance with the provisions of the Consumer Code, the customer has the right to use the mediation service offered by our hotel free of charge. The proposed consumer mediator is the AME.<\/p>\n<p>It can be entered:<\/p>\n<p>&#8211; by Internet: www.mediationconso-ame.com;<\/p>\n<p>&#8211; or by post (by completing the form available on the website): Consumer mediation AME- 197 Boulevard Saint-Germain &#8211; 75007 PARIS \u00bb<\/p>\n<p>To stop receiving unsolicited commercial telephone calls, you can subscribe to the Bloctel list: https:\/\/www.bloctel.gouv.fr\/<\/p>\n<\/div>\n<\/div>\n\t\t\t\t\t\t\t\t<\/div>\n\t\t\t\t<\/div>\n\t\t\t\t\t<\/div>\n\t\t<\/div>\n\t\t\t\t\t<\/div>\n\t\t<\/section>\n\t\t\t\t<\/div>\n\t\t","protected":false},"excerpt":{"rendered":"<p>Legal NoticeHotel Berne Opera EDITOR Si\u00e8ge social : H\u00f4tel Berne Op\u00e9ra Adresse :37 rue de Berne &#8211; 75009\u00a0 Paris \u2013 France T\u00e9l : +33 (0)1 43 87 08 92 Courriel : reservation@hboparis.com BERNE SAINT LAZARE (HOTEL DE BERNE) au capital de 38125\u20ac RCS 582099644 \u2013 TVA FR87582099644 HOSTING OVH \u2013 Soci\u00e9t\u00e9 \u00e0 Responsabilit\u00e9 Limit\u00e9e (SARL) SIRET : 424 761 419 00011 Adresse :\u00a0 2 rue Kellermann \u2013 59100 Roubaix \u2013 France. Conceptions du site :\u00a0sitea.fr The site presents: Informative content Data Protection Act: The site is exempt from declaration to the Commission Nationale Informatique et Libert\u00e9s (CNIL) insofar as it does not collect any data concerning users. Ownership: The site and the information it contains are protected by French intellectual property law and by international conventions. Any use, reproduction, distribution, marketing, modification of all or part of the paris-hotel-des-nations-st-germain.com site without the permission of the Publisher is prohibited and may result in actions and legal proceedings as provided in particular. by the Intellectual Property Code and the Civil Code. The User is informed that during his visits to the site, a cookie may be automatically installed on his browser software. A cookie is an element that does not identify the User but is used to record information relating to the user&#8217;s navigation on the website. The User may deactivate this cookie through the parameters appearing in his browser software. More information on the cookie page: Cookie policies After contacting Customer Service and failing a satisfactory response within 60 days, In accordance with the provisions of the Consumer Code, the customer has the right to use the mediation service offered by our hotel free of charge. The proposed consumer mediator is the AME. It can be entered: &#8211; by Internet: www.mediationconso-ame.com; &#8211; or by post (by completing the form available on the website): Consumer mediation AME- 197 Boulevard Saint-Germain &#8211; 75007 PARIS \u00bb To stop receiving unsolicited commercial telephone calls, you can subscribe to the Bloctel list: https:\/\/www.bloctel.gouv.fr\/<\/p>\n","protected":false},"author":1,"featured_media":0,"parent":0,"menu_order":0,"comment_status":"closed","ping_status":"closed","template":"page-templates\/template-pagebuilder-full-width.php","meta":{"neve_meta_sidebar":"full-width","neve_meta_container":"","neve_meta_enable_content_width":"on","neve_meta_content_width":100,"neve_meta_title_alignment":"","neve_meta_author_avatar":"","neve_post_elements_order":"","neve_meta_disable_header":"","neve_meta_disable_footer":"","neve_meta_disable_title":"on","footnotes":""},"class_list":["post-1259","page","type-page","status-publish","hentry"],"_links":{"self":[{"href":"https:\/\/www.paris-hotel-berne-opera.com\/en\/wp-json\/wp\/v2\/pages\/1259","targetHints":{"allow":["GET"]}}],"collection":[{"href":"https:\/\/www.paris-hotel-berne-opera.com\/en\/wp-json\/wp\/v2\/pages"}],"about":[{"href":"https:\/\/www.paris-hotel-berne-opera.com\/en\/wp-json\/wp\/v2\/types\/page"}],"author":[{"embeddable":true,"href":"https:\/\/www.paris-hotel-berne-opera.com\/en\/wp-json\/wp\/v2\/users\/1"}],"replies":[{"embeddable":true,"href":"https:\/\/www.paris-hotel-berne-opera.com\/en\/wp-json\/wp\/v2\/comments?post=1259"}],"version-history":[{"count":2,"href":"https:\/\/www.paris-hotel-berne-opera.com\/en\/wp-json\/wp\/v2\/pages\/1259\/revisions"}],"predecessor-version":[{"id":4104,"href":"https:\/\/www.paris-hotel-berne-opera.com\/en\/wp-json\/wp\/v2\/pages\/1259\/revisions\/4104"}],"wp:attachment":[{"href":"https:\/\/www.paris-hotel-berne-opera.com\/en\/wp-json\/wp\/v2\/media?parent=1259"}],"curies":[{"name":"wp","href":"https:\/\/api.w.org\/{rel}","templated":true}]}}